{"id":68,"date":"2020-03-27T10:04:18","date_gmt":"2020-03-27T08:04:18","guid":{"rendered":"http:\/\/tietokanta.dy.fi\/aurinkoenergia\/?page_id=68"},"modified":"2020-03-27T10:04:18","modified_gmt":"2020-03-27T08:04:18","slug":"kurssin-kuvaus","status":"publish","type":"page","link":"http:\/\/tietokanta.dy.fi\/aurinkoenergia\/","title":{"rendered":"kurssin kuvaus"},"content":{"rendered":"\n<h3>Sis\u00e4lt\u00f6<\/h3>\n\n\n\n<p>Opiskelija osaa\naurinkoenergian tuottamiseen liittyv\u00e4t haasteet harjoitusteht\u00e4vien ja\nprojektien avulla. <\/p>\n\n\n\n<p>Opiskelija perehtyy\ntietokannassa olevien materiaalien avulla aurinkopaneelien s\u00e4hk\u00f6iseen\nrakenteeseen ja niiden kytkemiseen liit\u00e4nt\u00e4laitteeseen.<\/p>\n\n\n\n<p>Opiskelija ymm\u00e4rt\u00e4\u00e4 aurinkoenergiatuoton turvallisuusn\u00e4k\u00f6kulmat harjoitusteht\u00e4vien avulla.<br><br> Opiskelija osaa laskea aurinkopaneelin tehopisteen ja ymm\u00e4rt\u00e4\u00e4 miten se on saavutettavissa.<br> Ymm\u00e4rt\u00e4\u00e4 aurinkopaneelin tekniset spesifikaatiot\u00a0 ja niiden k\u00e4yt\u00e4nn\u00f6n merkityksen aurinkopaneelia valittaessa. \u00a0Laskennallisilla esimerkeill\u00e4 opiskellaan aurinkopaneeleihin liittyv\u00e4\u00e4 s\u00e4hk\u00f6turvallisuutta.<\/p>\n\n\n\n<p><strong>Liit\u00e4nt\u00e4laitteen rakentaminen<br>\n<\/strong>Opiskelija osaa\nsuunnitella liit\u00e4nt\u00e4laitteeseen ylij\u00e4nnitesuojauksen, jolloin l\u00e4mp\u00f6tilan\nvaihtelu ei riko liit\u00e4nt\u00e4laitteita.<\/p>\n\n\n\n<p>Opiskelija suunnittelee ja\nrakentaa liit\u00e4nt\u00e4laitteen, jolla voi sy\u00f6tt\u00e4\u00e4 p\u00f6yt\u00e4tietokoneeseen tai serveriin\naurinkoenergiaa. Suunnittelussa k\u00e4ytet\u00e4\u00e4n siihen tarvittavia ohjelmia ja\nsimulointeja. Rakentaminen tapahtuu ty\u00f6salissa, jossa liit\u00e4nt\u00e4laite my\u00f6s\ntestataan ennen koek\u00e4ytt\u00f6\u00e4. Sen lis\u00e4ksi rakennetaan aurinkoenergia j\u00e4rjestelm\u00e4,\njolla voidaan ladata pienlaitteita ja akkua.<\/p>\n\n\n\n<p>Opiskelija dokumentoi ty\u00f6n ja liitt\u00e4\u00e4 dokumenttiin tarvittavat kytkent\u00e4kaaviot sek\u00e4 lohkokaavion toiminnasta.<\/p>\n","protected":false},"excerpt":{"rendered":"<p>Sis\u00e4lt\u00f6 Opiskelija osaa aurinkoenergian tuottamiseen liittyv\u00e4t haasteet harjoitusteht\u00e4vien ja projektien avulla. Opiskelija perehtyy tietokannassa olevien materiaalien avulla aurinkopaneelien s\u00e4hk\u00f6iseen rakenteeseen ja niiden kytkemiseen liit\u00e4nt\u00e4laitteeseen. Opiskelija ymm\u00e4rt\u00e4\u00e4 aurinkoenergiatuoton turvallisuusn\u00e4k\u00f6kulmat harjoitusteht\u00e4vien avulla. Opiskelija osaa laskea aurinkopaneelin tehopisteen ja ymm\u00e4rt\u00e4\u00e4 miten se on saavutettavissa. Ymm\u00e4rt\u00e4\u00e4 aurinkopaneelin tekniset spesifikaatiot\u00a0 ja niiden k\u00e4yt\u00e4nn\u00f6n merkityksen aurinkopaneelia valittaessa. \u00a0Laskennallisilla esimerkeill\u00e4 opiskellaan aurinkopaneeleihin &hellip; <a href=\"http:\/\/tietokanta.dy.fi\/aurinkoenergia\/\" class=\"more-link\">Jatka lukemista <span class=\"screen-reader-text\">kurssin kuvaus<\/span> <span class=\"meta-nav\">&rarr;<\/span><\/a><\/p>\n","protected":false},"author":1,"featured_media":0,"parent":0,"menu_order":0,"comment_status":"closed","ping_status":"closed","template":"","meta":[],"_links":{"self":[{"href":"http:\/\/tietokanta.dy.fi\/aurinkoenergia\/index.php\/wp-json\/wp\/v2\/pages\/68"}],"collection":[{"href":"http:\/\/tietokanta.dy.fi\/aurinkoenergia\/index.php\/wp-json\/wp\/v2\/pages"}],"about":[{"href":"http:\/\/tietokanta.dy.fi\/aurinkoenergia\/index.php\/wp-json\/wp\/v2\/types\/page"}],"author":[{"embeddable":true,"href":"http:\/\/tietokanta.dy.fi\/aurinkoenergia\/index.php\/wp-json\/wp\/v2\/users\/1"}],"replies":[{"embeddable":true,"href":"http:\/\/tietokanta.dy.fi\/aurinkoenergia\/index.php\/wp-json\/wp\/v2\/comments?post=68"}],"version-history":[{"count":1,"href":"http:\/\/tietokanta.dy.fi\/aurinkoenergia\/index.php\/wp-json\/wp\/v2\/pages\/68\/revisions"}],"predecessor-version":[{"id":69,"href":"http:\/\/tietokanta.dy.fi\/aurinkoenergia\/index.php\/wp-json\/wp\/v2\/pages\/68\/revisions\/69"}],"wp:attachment":[{"href":"http:\/\/tietokanta.dy.fi\/aurinkoenergia\/index.php\/wp-json\/wp\/v2\/media?parent=68"}],"curies":[{"name":"wp","href":"https:\/\/api.w.org\/{rel}","templated":true}]}}