{"id":10,"date":"2020-03-22T16:16:37","date_gmt":"2020-03-22T16:16:37","guid":{"rendered":"http:\/\/tietokanta.dy.fi\/linux\/?page_id=10"},"modified":"2020-04-04T14:31:38","modified_gmt":"2020-04-04T12:31:38","slug":"naytto","status":"publish","type":"page","link":"http:\/\/tietokanta.dy.fi\/linux\/index.php\/naytto\/","title":{"rendered":"N\u00e4ytt\u00f6"},"content":{"rendered":"\n<ul><li>Tiedostoj\u00e4rjestelm\u00e4n perusteet<\/li><li>SSH k\u00e4ytt\u00f6<\/li><li>Apachen asennus<\/li><li>Apachen portin valinta <\/li><li>Apachen tietoturva<\/li><li>Apachen hakemiston valinta<\/li><li>Proftpd asennus<\/li><li>Proftpd konfigurointi<\/li><li>Shellsin lis\u00e4\u00e4minen<\/li><li>K\u00e4ytt\u00e4jien luonti <\/li><li>Tietokannan asentaminen<\/li><li>Tietokanta clientin asentaminen<\/li><li>Tietokannan tekeminen<\/li><li>Tietokantaan k\u00e4ytt\u00e4j\u00e4n tekeminen<\/li><li>phpbb3 asennus ja konfigurointi<\/li><li>wordpressin asennus ja konfigurointi<\/li><li>Tietokannasta varmuuskopiointi<\/li><li>www sivujen varmuuskopiointi<\/li><\/ul>\n","protected":false},"excerpt":{"rendered":"<p>Tiedostoj\u00e4rjestelm\u00e4n perusteet SSH k\u00e4ytt\u00f6 Apachen asennus Apachen portin valinta Apachen tietoturva Apachen hakemiston valinta Proftpd asennus Proftpd konfigurointi Shellsin lis\u00e4\u00e4minen K\u00e4ytt\u00e4jien luonti Tietokannan asentaminen Tietokanta clientin asentaminen Tietokannan tekeminen Tietokantaan k\u00e4ytt\u00e4j\u00e4n tekeminen phpbb3 asennus ja konfigurointi wordpressin asennus ja konfigurointi Tietokannasta varmuuskopiointi www sivujen varmuuskopiointi<\/p>\n","protected":false},"author":1,"featured_media":0,"parent":0,"menu_order":0,"comment_status":"closed","ping_status":"closed","template":"","meta":[],"_links":{"self":[{"href":"http:\/\/tietokanta.dy.fi\/linux\/index.php\/wp-json\/wp\/v2\/pages\/10"}],"collection":[{"href":"http:\/\/tietokanta.dy.fi\/linux\/index.php\/wp-json\/wp\/v2\/pages"}],"about":[{"href":"http:\/\/tietokanta.dy.fi\/linux\/index.php\/wp-json\/wp\/v2\/types\/page"}],"author":[{"embeddable":true,"href":"http:\/\/tietokanta.dy.fi\/linux\/index.php\/wp-json\/wp\/v2\/users\/1"}],"replies":[{"embeddable":true,"href":"http:\/\/tietokanta.dy.fi\/linux\/index.php\/wp-json\/wp\/v2\/comments?post=10"}],"version-history":[{"count":2,"href":"http:\/\/tietokanta.dy.fi\/linux\/index.php\/wp-json\/wp\/v2\/pages\/10\/revisions"}],"predecessor-version":[{"id":128,"href":"http:\/\/tietokanta.dy.fi\/linux\/index.php\/wp-json\/wp\/v2\/pages\/10\/revisions\/128"}],"wp:attachment":[{"href":"http:\/\/tietokanta.dy.fi\/linux\/index.php\/wp-json\/wp\/v2\/media?parent=10"}],"curies":[{"name":"wp","href":"https:\/\/api.w.org\/{rel}","templated":true}]}}