{"id":500,"date":"2022-03-24T09:32:27","date_gmt":"2022-03-24T09:32:27","guid":{"rendered":"http:\/\/tietokanta.dy.fi:8243\/mikko\/wordpress\/?page_id=500"},"modified":"2024-09-23T14:30:58","modified_gmt":"2024-09-23T14:30:58","slug":"tietovarasto-opinto","status":"publish","type":"page","link":"http:\/\/tietokanta.dy.fi:8243\/mikko\/wordpress\/","title":{"rendered":"Tietovarasto opinto"},"content":{"rendered":"\n<p>Sis\u00e4lt\u00f6\u00e4:<\/p>\n\n\n\n<ul><li>harjoittelee opastettuna ja oppaita k\u00e4ytt\u00e4en tietokannan ja asiakasohjelman asentamista internet-palvelimelle.<\/li><li>harjoittelee oppaita tukena k\u00e4ytt\u00e4en tietokannan tekemist\u00e4, tietokannan k\u00e4ytt\u00e4j\u00e4tunnuksien luomista, k\u00e4ytt\u00e4jien oikeuksien asetuksia tekemist\u00e4 tietokannan k\u00e4ytt\u00e4miseen ja tietokannan varmuuskopiointia.<\/li><li>harjoittelee oppaiden sek\u00e4 oppimisteht\u00e4vien avulla tietovarastoon liittyvien tietotyyppien, perusoperaatioiden, PHP-tietokantafunktioiden ja HTML-lomakkeiden koodaamista toimiviksi kokonaisuuksiksi internet-sivustolle.<\/li><\/ul>\n\n\n\n<p>Osaamisen hankkimisessa tarvitaan tietokone, jossa on linux k\u00e4ytt\u00f6j\u00e4rjestelm\u00e4. <\/p>\n","protected":false},"excerpt":{"rendered":"<p>Sis\u00e4lt\u00f6\u00e4: harjoittelee opastettuna ja oppaita k\u00e4ytt\u00e4en tietokannan ja asiakasohjelman asentamista internet-palvelimelle. harjoittelee oppaita tukena k\u00e4ytt\u00e4en tietokannan tekemist\u00e4, tietokannan k\u00e4ytt\u00e4j\u00e4tunnuksien luomista, k\u00e4ytt\u00e4jien oikeuksien asetuksia tekemist\u00e4 tietokannan k\u00e4ytt\u00e4miseen ja tietokannan varmuuskopiointia. harjoittelee oppaiden sek\u00e4 oppimisteht\u00e4vien avulla tietovarastoon liittyvien tietotyyppien, perusoperaatioiden, PHP-tietokantafunktioiden ja HTML-lomakkeiden koodaamista toimiviksi kokonaisuuksiksi internet-sivustolle. Osaamisen hankkimisessa tarvitaan tietokone, jossa on linux k\u00e4ytt\u00f6j\u00e4rjestelm\u00e4.<\/p>\n","protected":false},"author":1,"featured_media":0,"parent":0,"menu_order":0,"comment_status":"closed","ping_status":"closed","template":"","meta":[],"_links":{"self":[{"href":"http:\/\/tietokanta.dy.fi:8243\/mikko\/wordpress\/index.php\/wp-json\/wp\/v2\/pages\/500"}],"collection":[{"href":"http:\/\/tietokanta.dy.fi:8243\/mikko\/wordpress\/index.php\/wp-json\/wp\/v2\/pages"}],"about":[{"href":"http:\/\/tietokanta.dy.fi:8243\/mikko\/wordpress\/index.php\/wp-json\/wp\/v2\/types\/page"}],"author":[{"embeddable":true,"href":"http:\/\/tietokanta.dy.fi:8243\/mikko\/wordpress\/index.php\/wp-json\/wp\/v2\/users\/1"}],"replies":[{"embeddable":true,"href":"http:\/\/tietokanta.dy.fi:8243\/mikko\/wordpress\/index.php\/wp-json\/wp\/v2\/comments?post=500"}],"version-history":[{"count":4,"href":"http:\/\/tietokanta.dy.fi:8243\/mikko\/wordpress\/index.php\/wp-json\/wp\/v2\/pages\/500\/revisions"}],"predecessor-version":[{"id":563,"href":"http:\/\/tietokanta.dy.fi:8243\/mikko\/wordpress\/index.php\/wp-json\/wp\/v2\/pages\/500\/revisions\/563"}],"wp:attachment":[{"href":"http:\/\/tietokanta.dy.fi:8243\/mikko\/wordpress\/index.php\/wp-json\/wp\/v2\/media?parent=500"}],"curies":[{"name":"wp","href":"https:\/\/api.w.org\/{rel}","templated":true}]}}